{"id":19,"date":"2017-02-27T15:26:40","date_gmt":"2017-02-27T14:26:40","guid":{"rendered":"http:\/\/szamotuly.bike\/?page_id=19"},"modified":"2025-04-10T18:06:28","modified_gmt":"2025-04-10T16:06:28","slug":"kontakt","status":"publish","type":"page","link":"https:\/\/rowerowelodzkie.pl\/de\/kontaktdaten\/","title":{"rendered":"Kontaktdaten"},"content":{"rendered":"<p><\/p>\n<div class=\"col col-xs-12\">\n<h2>KONTAKTDATEN<\/h2>\n<\/div>\n<div class=\"col col-xs-12\">\n<p><strong>Kundendienst<\/strong><br \/>\n<strong>Rund um die Uhr ge\u00f6ffnet<\/strong><\/p>\n<p>tel.:\u00a0<a href=\"tel:+48422144000\">+48\u00a042\u00a0214 40 00<\/a><\/p>\n<p>(Gespr\u00e4chskosten nach Betreibertarifen)<\/p>\n<p><strong>Reklamationen und Anfragen: <\/strong><br \/>\n<a href=\"mailto:ck@rowerowelodzkie.pl\">ck@rowerowelodzkie.pl<\/a><\/p>\n<div class=\"hide-at-home\">\n<p><strong>Verkauf von Werbefl\u00e4chen auf Fahrr\u00e4dern: <\/strong><br \/>\n+48\u00a0690\u00a0855 170<br \/>\n<a href=\"mailto:reklama@nextbike.pl\">reklama@nextbike.pl <\/a><\/p>\n<p><strong>Sponsor Stationen: <\/strong><br \/>\n+48\u00a0690\u00a0855 170<br \/>\n<a href=\"mailto:inwestycje@nextbike.pl\">inwestycje@nextbike.pl<\/a><\/p>\n<p><strong>B\u00fcro<\/strong><br \/>\ntel.: <a href=\"tel:+48222089990\">+ 48 22 208 99 90<\/a><\/p>\n<p>NB Serwis sp. z o. o.<br \/>\nul. Przasnyska 6b<br \/>\n01-756 Warszawa<\/p>\n<\/div>\n<\/div>\n<p><\/p>","protected":false},"excerpt":{"rendered":"<p>KONTAKTDATEN Kundendienst Rund um die Uhr ge\u00f6ffnet tel.:\u00a0+48\u00a042\u00a0214 40 00 (Gespr\u00e4chskosten nach Betreibertarifen) Reklamationen und Anfragen: ck@rowerowelodzkie.pl Verkauf von Werbefl\u00e4chen auf Fahrr\u00e4dern: +48\u00a0690\u00a0855 170 reklama@nextbike.pl Sponsor Stationen: +48\u00a0690\u00a0855 170 inwestycje@nextbike.pl B\u00fcro tel.: + 48 22 208 99 90 NB Serwis sp. z o. o. ul. Przasnyska 6b 01-756 Warszawa<\/p>\n","protected":false},"author":15,"featured_media":0,"parent":0,"menu_order":0,"comment_status":"closed","ping_status":"closed","template":"contact.php","meta":{"footnotes":""},"class_list":["post-19","page","type-page","status-publish","hentry"],"_links":{"self":[{"href":"https:\/\/rowerowelodzkie.pl\/de\/wp-json\/wp\/v2\/pages\/19","targetHints":{"allow":["GET"]}}],"collection":[{"href":"https:\/\/rowerowelodzkie.pl\/de\/wp-json\/wp\/v2\/pages"}],"about":[{"href":"https:\/\/rowerowelodzkie.pl\/de\/wp-json\/wp\/v2\/types\/page"}],"author":[{"embeddable":true,"href":"https:\/\/rowerowelodzkie.pl\/de\/wp-json\/wp\/v2\/users\/15"}],"replies":[{"embeddable":true,"href":"https:\/\/rowerowelodzkie.pl\/de\/wp-json\/wp\/v2\/comments?post=19"}],"version-history":[{"count":94,"href":"https:\/\/rowerowelodzkie.pl\/de\/wp-json\/wp\/v2\/pages\/19\/revisions"}],"predecessor-version":[{"id":2001,"href":"https:\/\/rowerowelodzkie.pl\/de\/wp-json\/wp\/v2\/pages\/19\/revisions\/2001"}],"wp:attachment":[{"href":"https:\/\/rowerowelodzkie.pl\/de\/wp-json\/wp\/v2\/media?parent=19"}],"curies":[{"name":"wp","href":"https:\/\/api.w.org\/{rel}","templated":true}]}}