{"id":15,"date":"2017-02-27T15:26:11","date_gmt":"2017-02-27T14:26:11","guid":{"rendered":"http:\/\/szamotuly.bike\/?page_id=15"},"modified":"2018-10-31T14:04:15","modified_gmt":"2018-10-31T13:04:15","slug":"cennik","status":"publish","type":"page","link":"https:\/\/rowerowelodzkie.pl\/de\/preisliste\/","title":{"rendered":"Preisliste"},"content":{"rendered":"<p>Bitte beachten sie, dass Ihr Konto nur dann aktiv ist, wenn es ein Guthaben von mindestens 10 PLN aufweist oder wenn es durch eine Kreditkarte gedeckt wird<\/p>\n<p>liche MwSt.<\/p>\n<p>&nbsp;<\/p>\n<table width=\"100%\" cellspacing=\"0\" cellpadding=\"7\">\n<tbody>\n<tr>\n<td colspan=\"2\" width=\"498\" height=\"18\"><strong>Geb\u00fchr<\/strong><\/td>\n<td width=\"109\"><strong>Bruttowert <\/strong><\/td>\n<\/tr>\n<tr>\n<td colspan=\"2\" width=\"498\" height=\"18\">Leitgeb\u00fchr<\/td>\n<td width=\"109\">20 PLN<\/td>\n<\/tr>\n<tr>\n<td colspan=\"2\" width=\"498\" height=\"18\">Mindestbetrag<\/td>\n<td width=\"109\">10 PLN<\/td>\n<\/tr>\n<tr>\n<td rowspan=\"5\" width=\"260\">Zeitgeb\u00fchr<\/p>\n<p>Die Geb\u00fchren werden summiert.<\/td>\n<td width=\"224\">Mietdauer:<\/td>\n<td colspan=\"2\" width=\"109\"><\/td>\n<\/tr>\n<tr>\n<td width=\"224\">zwischen 1. und 20. Minute<\/td>\n<td width=\"109\">0 PLN<\/td>\n<\/tr>\n<tr>\n<td width=\"224\">erste Stunde (21.- 60. Minute)<\/td>\n<td width=\"109\">1 PLN<\/td>\n<\/tr>\n<tr>\n<td width=\"224\">zweite Stunde (61.- 120. Minute)<\/td>\n<td width=\"109\">3 PLN<\/td>\n<\/tr>\n<tr>\n<td width=\"224\">dritte und jede weitere Stunde<\/td>\n<td width=\"109\">5 PLN<\/td>\n<\/tr>\n<tr>\n<td colspan=\"2\" width=\"498\">R\u00fcckgabe des Fahrrades au\u00dferhalb der Station<\/td>\n<td width=\"109\">5 PLN<\/td>\n<\/tr>\n<tr>\n<td colspan=\"2\" width=\"498\" height=\"19\">R\u00fcckgabe des Fahrrades au\u00dferhalb der Nutzungszone<\/td>\n<td width=\"109\">200 PLN<\/td>\n<\/tr>\n<tr>\n<td colspan=\"2\" width=\"498\" height=\"19\">Zuschlag f\u00fcr die \u00dcberschreitung der Entleihdauer von 12 Stunden<\/td>\n<td width=\"109\">200 PLN<\/td>\n<\/tr>\n<\/tbody>\n<\/table>\n<p>&nbsp;<\/p>\n<table border=\"1\" width=\"639\" cellspacing=\"0\" cellpadding=\"7\">\n<colgroup>\n<col width=\"304\" \/>\n<col width=\"305\" \/> <\/colgroup>\n<tbody>\n<tr>\n<td colspan=\"2\" width=\"623\" height=\"13\"><strong>Zuschlag <\/strong><\/td>\n<\/tr>\n<tr>\n<td width=\"304\" height=\"13\">Diebstahl, Verlust oder Besch\u00e4digung eines Fahrrads<\/td>\n<td width=\"305\">\n<p align=\"RIGHT\">2200 PLN<\/p>\n<\/td>\n<\/tr>\n<\/tbody>\n<\/table>\n<p>Die in der Liste angegebenen Geb\u00fchren enthalten die gesetzliche MwSt.<\/p>","protected":false},"excerpt":{"rendered":"<p>Bitte beachten sie, dass Ihr Konto nur dann aktiv ist, wenn es ein Guthaben von mindestens 10 PLN aufweist oder wenn es durch eine Kreditkarte gedeckt wird liche MwSt. &nbsp; Geb\u00fchr Bruttowert Leitgeb\u00fchr 20 PLN Mindestbetrag 10 PLN Zeitgeb\u00fchr Die Geb\u00fchren werden summiert. Mietdauer: zwischen 1. und 20. Minute 0 PLN erste Stunde (21.- 60. [&hellip;]<\/p>\n","protected":false},"author":15,"featured_media":0,"parent":0,"menu_order":0,"comment_status":"closed","ping_status":"closed","template":"pricing.php","meta":{"footnotes":""},"class_list":["post-15","page","type-page","status-publish","hentry"],"_links":{"self":[{"href":"https:\/\/rowerowelodzkie.pl\/de\/wp-json\/wp\/v2\/pages\/15","targetHints":{"allow":["GET"]}}],"collection":[{"href":"https:\/\/rowerowelodzkie.pl\/de\/wp-json\/wp\/v2\/pages"}],"about":[{"href":"https:\/\/rowerowelodzkie.pl\/de\/wp-json\/wp\/v2\/types\/page"}],"author":[{"embeddable":true,"href":"https:\/\/rowerowelodzkie.pl\/de\/wp-json\/wp\/v2\/users\/15"}],"replies":[{"embeddable":true,"href":"https:\/\/rowerowelodzkie.pl\/de\/wp-json\/wp\/v2\/comments?post=15"}],"version-history":[{"count":99,"href":"https:\/\/rowerowelodzkie.pl\/de\/wp-json\/wp\/v2\/pages\/15\/revisions"}],"predecessor-version":[{"id":1819,"href":"https:\/\/rowerowelodzkie.pl\/de\/wp-json\/wp\/v2\/pages\/15\/revisions\/1819"}],"wp:attachment":[{"href":"https:\/\/rowerowelodzkie.pl\/de\/wp-json\/wp\/v2\/media?parent=15"}],"curies":[{"name":"wp","href":"https:\/\/api.w.org\/{rel}","templated":true}]}}